{"id":1346,"date":"2025-12-10T17:57:40","date_gmt":"2025-12-10T16:57:40","guid":{"rendered":"https:\/\/coatings.hit-wp.de\/coatings\/?page_id=1346"},"modified":"2026-03-17T12:06:52","modified_gmt":"2026-03-17T11:06:52","slug":"service","status":"publish","type":"page","link":"http:\/\/cmr-coatings.de\/en\/service\/","title":{"rendered":"Service"},"content":{"rendered":"<p>[et_pb_section fb_built=&#8220;1&#8243; admin_label=&#8220;Intro Section&#8220; _builder_version=&#8220;4.27.4&#8243; background_enable_color=&#8220;off&#8220; background_image=&#8220;https:\/\/cmr-coatings.de\/wp-content\/uploads\/2025\/12\/waterdrop-4753866_1920.jpg&#8220; custom_margin=&#8220;||78px|&#8220; custom_margin_tablet=&#8220;||0px|&#8220; custom_margin_phone=&#8220;&#8220; custom_margin_last_edited=&#8220;on|phone&#8220; custom_padding=&#8220;3%||3%||true|false&#8220; collapsed=&#8220;off&#8220; global_colors_info=&#8220;{}&#8220;][et_pb_row _builder_version=&#8220;4.27.4&#8243; custom_margin=&#8220;||||true|false&#8220; custom_padding=&#8220;|0px||0px|false|false&#8220; global_colors_info=&#8220;{}&#8220;][et_pb_column type=&#8220;4_4&#8243; _builder_version=&#8220;4.16&#8243; custom_padding=&#8220;|||&#8220; global_colors_info=&#8220;{}&#8220; custom_padding__hover=&#8220;|||&#8220;][et_pb_text _builder_version=&#8220;4.27.4&#8243; _module_preset=&#8220;default&#8220; header_font=&#8220;|600|on||||||&#8220; header_text_align=&#8220;center&#8220; header_text_color=&#8220;#FFFFFF&#8220; header_font_size=&#8220;36px&#8220; header_letter_spacing=&#8220;3px&#8220; custom_margin=&#8220;||50px||false|false&#8220; custom_margin_tablet=&#8220;||50px||false|false&#8220; custom_margin_phone=&#8220;||0px||false|false&#8220; custom_margin_last_edited=&#8220;on|phone&#8220; header_font_size_tablet=&#8220;36px&#8220; header_font_size_phone=&#8220;24px&#8220; header_font_size_last_edited=&#8220;on|phone&#8220; global_colors_info=&#8220;{}&#8220;]<\/p>\n<h1>Service<\/h1>\n<p>[\/et_pb_text][\/et_pb_column][\/et_pb_row][et_pb_row _builder_version=&#8220;4.27.4&#8243; width=&#8220;80%&#8220; custom_margin=&#8220;||||true|true&#8220; custom_padding=&#8220;|0px||0px|false|false&#8220; global_colors_info=&#8220;{}&#8220;][et_pb_column type=&#8220;4_4&#8243; _builder_version=&#8220;4.27.4&#8243; background_color=&#8220;rgba(255,255,255,0.82)&#8220; custom_padding=&#8220;25px|25px|25px|25px|true|true&#8220; global_colors_info=&#8220;{}&#8220; custom_padding__hover=&#8220;|||&#8220;][et_pb_text _builder_version=&#8220;4.27.4&#8243; _module_preset=&#8220;default&#8220; header_3_font=&#8220;||on||||||&#8220; header_3_text_color=&#8220;#000000&#8243; header_3_font_size=&#8220;28px&#8220; text_orientation=&#8220;center&#8220; custom_margin=&#8220;0px||0px||true|false&#8220; header_3_font_size_tablet=&#8220;28px&#8220; header_3_font_size_phone=&#8220;20px&#8220; header_3_font_size_last_edited=&#8220;on|phone&#8220; global_colors_info=&#8220;{}&#8220;]<\/p>\n<h3>Nicht ein Produkt f\u00fcr alles,<\/h3>\n<p>[\/et_pb_text][et_pb_text _builder_version=&#8220;4.27.4&#8243; _module_preset=&#8220;default&#8220; header_3_font=&#8220;||on||||||&#8220; header_3_text_color=&#8220;#000000&#8243; header_3_font_size=&#8220;20px&#8220; text_orientation=&#8220;center&#8220; custom_margin=&#8220;||||false|false&#8220; global_colors_info=&#8220;{}&#8220;]<\/p>\n<h4>&#8230; aber f\u00fcr alle Anwendungen das richtige Produkt.<\/h4>\n<p>[\/et_pb_text][\/et_pb_column][\/et_pb_row][\/et_pb_section][et_pb_section fb_built=&#8220;1&#8243; admin_label=&#8220;Skill Section&#8220; _builder_version=&#8220;4.27.4&#8243; custom_padding=&#8220;50px||50px||false|false&#8220; collapsed=&#8220;off&#8220; global_colors_info=&#8220;{}&#8220;][et_pb_row _builder_version=&#8220;4.27.4&#8243; _module_preset=&#8220;default&#8220; max_width=&#8220;80%&#8220; global_colors_info=&#8220;{}&#8220;][et_pb_column type=&#8220;4_4&#8243; _builder_version=&#8220;4.27.4&#8243; _module_preset=&#8220;default&#8220; global_colors_info=&#8220;{}&#8220;][et_pb_text admin_label=&#8220;Aktuelle Arbeiten&#8220; _builder_version=&#8220;4.27.4&#8243; text_font=&#8220;Montserrat||||||||&#8220; text_text_color=&#8220;#747d88&#8243; text_font_size=&#8220;16px&#8220; text_line_height=&#8220;1.9em&#8220; header_2_font=&#8220;Montserrat|700||on|||||&#8220; header_2_font_size=&#8220;42px&#8220; header_2_line_height=&#8220;1.3em&#8220; text_orientation=&#8220;center&#8220; max_width=&#8220;700px&#8220; module_alignment=&#8220;center&#8220; animation_style=&#8220;slide&#8220; animation_direction=&#8220;bottom&#8220; animation_intensity_slide=&#8220;4%&#8220; header_2_font_size_tablet=&#8220;42px&#8220; header_2_font_size_phone=&#8220;26px&#8220; header_2_font_size_last_edited=&#8220;on|phone&#8220; global_colors_info=&#8220;{}&#8220;]<\/p>\n<h2>Service<\/h2>\n<p>[\/et_pb_text][et_pb_text _builder_version=&#8220;4.27.4&#8243; _module_preset=&#8220;default&#8220; text_font_size=&#8220;15px&#8220; global_colors_info=&#8220;{}&#8220;]<\/p>\n<p>Weil die Fl\u00fcssiglaminate und Schutzlacke von CMR mehr als nur reine Fl\u00fcssigkeiten, sondern hochtechnische Produkte sind, bietet unser Service-Bereich allen Kunde alle Unterst\u00fctzung und Informationen, die notwendig sind.<\/p>\n<p>[\/et_pb_text][\/et_pb_column][\/et_pb_row][et_pb_row column_structure=&#8220;2_5,3_5&#8243; use_custom_gutter=&#8220;on&#8220; make_equal=&#8220;on&#8220; admin_label=&#8220;Services&#8220; _builder_version=&#8220;4.27.4&#8243; max_width=&#8220;80%&#8220; custom_padding=&#8220;25px||25px|&#8220; animation_style=&#8220;zoom&#8220; box_shadow_style=&#8220;preset3&#8243; use_custom_width=&#8220;on&#8220; width_unit=&#8220;off&#8220; global_colors_info=&#8220;{}&#8220;][et_pb_column type=&#8220;2_5&#8243; _builder_version=&#8220;4.16&#8243; custom_padding=&#8220;|||&#8220; global_colors_info=&#8220;{}&#8220; custom_padding__hover=&#8220;|||&#8220;][et_pb_image src=&#8220;https:\/\/cmr-coatings.de\/wp-content\/uploads\/2026\/01\/Leistung.jpg&#8220; title_text=&#8220;Leistung&#8220; _builder_version=&#8220;4.27.4&#8243; _module_preset=&#8220;default&#8220; max_width=&#8220;75%&#8220; global_colors_info=&#8220;{}&#8220;][\/et_pb_image][\/et_pb_column][et_pb_column type=&#8220;3_5&#8243; _builder_version=&#8220;4.16&#8243; custom_padding=&#8220;|||&#8220; global_colors_info=&#8220;{}&#8220; custom_padding__hover=&#8220;|||&#8220;][et_pb_blurb title=&#8220;Leistungs-Beschreibung&#8220; use_icon=&#8220;on&#8220; module_id=&#8220;beschreibung&#8220; _builder_version=&#8220;4.27.4&#8243; _module_preset=&#8220;default&#8220; header_font_size=&#8220;22px&#8220; body_font_size=&#8220;16px&#8220; global_colors_info=&#8220;{}&#8220;]<\/p>\n<p>An dieser Stelle k\u00f6nnen Sie die Leistungsbeschreibungen der wichtigsten CMR-Produkte als pdf-Datei herunterladen:<\/p>\n<p>(Deutsche und englische Sprache in einer Datei!)<\/p>\n<p>[\/et_pb_blurb][et_pb_text _builder_version=&#8220;4.27.4&#8243; _module_preset=&#8220;default&#8220; max_width=&#8220;550px&#8220; module_alignment=&#8220;center&#8220; custom_margin=&#8220;||2px||false|false&#8220; custom_padding=&#8220;||||false|false&#8220; link_option_url=&#8220;https:\/\/cmr-coatings.de\/wp-content\/uploads\/2026\/02\/LB-CMR-425-V-2026.pdf&#8220; link_option_url_new_window=&#8220;on&#8220; global_colors_info=&#8220;{}&#8220;]<\/p>\n<p><span style=\"text-decoration: underline;\">CMR-425.S\/CMR-425.M\u00a0Eco-Laminat<\/span><\/p>\n<p>[\/et_pb_text][et_pb_text _builder_version=&#8220;4.27.4&#8243; _module_preset=&#8220;default&#8220; width=&#8220;550px&#8220; module_alignment=&#8220;center&#8220; custom_margin=&#8220;||2px||false|false&#8220; link_option_url=&#8220;https:\/\/cmr-coatings.de\/wp-content\/uploads\/2026\/02\/LB-CMR-430-V-2026.pdf&#8220; global_colors_info=&#8220;{}&#8220;]<\/p>\n<p><span style=\"text-decoration: underline;\">CMR-430\/CMR-430.M Liquid-Seal (1K)<\/span><\/p>\n<p>[\/et_pb_text][et_pb_text _builder_version=&#8220;4.27.4&#8243; _module_preset=&#8220;default&#8220; max_width=&#8220;550px&#8220; module_alignment=&#8220;center&#8220; custom_margin=&#8220;||2px||false|false&#8220; link_option_url=&#8220;https:\/\/cmr-coatings.de\/wp-content\/uploads\/2026\/02\/LB-CMR-432-V-2026.pdf&#8220; global_colors_info=&#8220;{}&#8220;]<\/p>\n<p><span style=\"text-decoration: underline;\">CMR-432\/CMR-432.M Liquid-Seal II (1K)<\/span><\/p>\n<p>[\/et_pb_text][et_pb_text _builder_version=&#8220;4.27.4&#8243; _module_preset=&#8220;default&#8220; max_width=&#8220;550px&#8220; module_alignment=&#8220;center&#8220; custom_margin=&#8220;||2px||false|false&#8220; link_option_url=&#8220;https:\/\/cmr-coatings.de\/wp-content\/uploads\/2026\/02\/LB-CMR-433-V-2026.pdf&#8220; global_colors_info=&#8220;{}&#8220;]<\/p>\n<p><span style=\"text-decoration: underline;\">CMR-433\/CMR-433.M Planen-Lack<\/span><\/p>\n<p>[\/et_pb_text][et_pb_text _builder_version=&#8220;4.27.4&#8243; _module_preset=&#8220;default&#8220; max_width=&#8220;550px&#8220; module_alignment=&#8220;center&#8220; custom_margin=&#8220;||2px||false|false&#8220; link_option_url=&#8220;https:\/\/cmr-coatings.de\/wp-content\/uploads\/2026\/02\/LB-CMR-435-V-2026.pdf&#8220; global_colors_info=&#8220;{}&#8220;]<\/p>\n<p><span style=\"text-decoration: underline;\">CMR-435\/CMR-435.M\/CMR-435.S 1K-Schutzfilm<\/span><\/p>\n<p>[\/et_pb_text][et_pb_text _builder_version=&#8220;4.27.4&#8243; _module_preset=&#8220;default&#8220; max_width=&#8220;550px&#8220; module_alignment=&#8220;center&#8220; custom_margin=&#8220;||2px||false|false&#8220; link_option_url=&#8220;https:\/\/cmr-coatings.de\/wp-content\/uploads\/2026\/02\/LB-CMR-438-V-2026.pdf&#8220; global_colors_info=&#8220;{}&#8220;]<\/p>\n<p><span style=\"text-decoration: underline;\">CMR-438 2K-Planen-Schutzfilm &#8211; Handauftrag (matt)<\/span><\/p>\n<p>[\/et_pb_text][et_pb_text _builder_version=&#8220;4.27.4&#8243; _module_preset=&#8220;default&#8220; max_width=&#8220;550px&#8220; module_alignment=&#8220;center&#8220; custom_margin=&#8220;||2px||false|false&#8220; link_option_url=&#8220;https:\/\/cmr-coatings.de\/wp-content\/uploads\/2026\/02\/LB-CMR-440-V-2026.pdf&#8220; global_colors_info=&#8220;{}&#8220;]<\/p>\n<p><span style=\"text-decoration: underline;\">CMR-440 2K-Planen-Schutzfilm &#8211; Handauftrag (hochglanz)<\/span><\/p>\n<p>[\/et_pb_text][et_pb_text _builder_version=&#8220;4.27.4&#8243; _module_preset=&#8220;default&#8220; max_width=&#8220;550px&#8220; module_alignment=&#8220;center&#8220; custom_margin=&#8220;||2px||false|false&#8220; link_option_url=&#8220;https:\/\/cmr-coatings.de\/wp-content\/uploads\/2026\/02\/LB-CMR-468-V-2026.pdf&#8220; global_colors_info=&#8220;{}&#8220;]<\/p>\n<p><span style=\"text-decoration: underline;\">CMR-468\/CMR-468.M 2K-Planen-Schutzfilm EX III<\/span><\/p>\n<p>[\/et_pb_text][et_pb_text _builder_version=&#8220;4.27.4&#8243; _module_preset=&#8220;default&#8220; max_width=&#8220;550px&#8220; module_alignment=&#8220;center&#8220; custom_margin=&#8220;||2px||false|false&#8220; link_option_url=&#8220;https:\/\/cmr-coatings.de\/wp-content\/uploads\/2026\/03\/LB-CMR-472-V-2026-002.pdf&#8220; global_colors_info=&#8220;{}&#8220;]<\/p>\n<p><span style=\"text-decoration: underline;\">CMR-472\/CMR-472.M Clear Protection<\/span><\/p>\n<p>[\/et_pb_text][et_pb_text _builder_version=&#8220;4.27.4&#8243; _module_preset=&#8220;default&#8220; max_width=&#8220;550px&#8220; module_alignment=&#8220;center&#8220; custom_margin=&#8220;||2px||false|false&#8220; link_option_url=&#8220;https:\/\/cmr-coatings.de\/wp-content\/uploads\/2026\/02\/LB-CMR-478-V-2026.pdf&#8220; global_colors_info=&#8220;{}&#8220;]<\/p>\n<p><span style=\"text-decoration: underline;\">CMR-478\u00a02K-Universal-Schutzfilm III<\/span><\/p>\n<p>[\/et_pb_text][et_pb_text _builder_version=&#8220;4.27.4&#8243; _module_preset=&#8220;default&#8220; max_width=&#8220;550px&#8220; module_alignment=&#8220;center&#8220; custom_margin=&#8220;||2px||false|false&#8220; link_option_url=&#8220;https:\/\/cmr-coatings.de\/wp-content\/uploads\/2026\/02\/LB-CMR-413.W-V-2026.pdf&#8220; global_colors_info=&#8220;{}&#8220;]<\/p>\n<p><span style=\"text-decoration: underline;\">CMR-413.W\u00a0Antigraffiti-Klarlack (hochglanz)<\/span><\/p>\n<p>[\/et_pb_text][et_pb_text _builder_version=&#8220;4.27.4&#8243; _module_preset=&#8220;default&#8220; max_width=&#8220;550px&#8220; module_alignment=&#8220;center&#8220; custom_margin=&#8220;||2px||false|false&#8220; link_option_url=&#8220;https:\/\/cmr-coatings.de\/wp-content\/uploads\/2026\/02\/LB-CMR-710-V-2026.pdf&#8220; global_colors_info=&#8220;{}&#8220;]<\/p>\n<p><span style=\"text-decoration: underline;\">CMR-710 Universalprimer<\/span><\/p>\n<p>[\/et_pb_text][et_pb_text _builder_version=&#8220;4.27.4&#8243; _module_preset=&#8220;default&#8220; max_width=&#8220;550px&#8220; module_alignment=&#8220;center&#8220; custom_margin=&#8220;||2px||false|false&#8220; link_option_url=&#8220;https:\/\/cmr-coatings.de\/wp-content\/uploads\/2026\/02\/LB-CMR-747-V-2026.pdf&#8220; global_colors_info=&#8220;{}&#8220;]<\/p>\n<p><span style=\"text-decoration: underline;\">CMR-747 Primer f\u00fcr Glas<\/span><\/p>\n<p>[\/et_pb_text][et_pb_text _builder_version=&#8220;4.27.4&#8243; _module_preset=&#8220;default&#8220; max_width=&#8220;550px&#8220; module_alignment=&#8220;center&#8220; custom_margin=&#8220;||2px||false|false&#8220; link_option_url=&#8220;https:\/\/cmr-coatings.de\/wp-content\/uploads\/2026\/03\/LB-CMR-775-V-2026-002.pdf&#8220; global_colors_info=&#8220;{}&#8220;]<\/p>\n<p><span style=\"text-decoration: underline;\">CMR-775 Grafik-Primer<\/span><\/p>\n<p>[\/et_pb_text][et_pb_text _builder_version=&#8220;4.27.4&#8243; _module_preset=&#8220;default&#8220; max_width=&#8220;550px&#8220; module_alignment=&#8220;center&#8220; custom_margin=&#8220;||2px||false|false&#8220; link_option_url=&#8220;https:\/\/cmr-coatings.de\/wp-content\/uploads\/2026\/03\/LB-CMR-790-V-2026-002.pdf&#8220; global_colors_info=&#8220;{}&#8220;]<\/p>\n<p><span style=\"text-decoration: underline;\">CMR-790 Primer f\u00fcr feste Untergr\u00fcnde<\/span><\/p>\n<p>[\/et_pb_text][\/et_pb_column][\/et_pb_row][et_pb_row column_structure=&#8220;3_5,2_5&#8243; use_custom_gutter=&#8220;on&#8220; make_equal=&#8220;on&#8220; admin_label=&#8220;Services&#8220; _builder_version=&#8220;4.27.4&#8243; max_width=&#8220;80%&#8220; custom_padding=&#8220;||||false|false&#8220; animation_style=&#8220;zoom&#8220; box_shadow_style=&#8220;preset3&#8243; use_custom_width=&#8220;on&#8220; width_unit=&#8220;off&#8220; global_colors_info=&#8220;{}&#8220;][et_pb_column type=&#8220;3_5&#8243; _builder_version=&#8220;4.16&#8243; custom_padding=&#8220;|||&#8220; global_colors_info=&#8220;{}&#8220; custom_padding__hover=&#8220;|||&#8220;][et_pb_blurb title=&#8220;Verarbeitungs-Hinweise&#8220; use_icon=&#8220;on&#8220; module_id=&#8220;verarbeitung&#8220; _builder_version=&#8220;4.27.4&#8243; _module_preset=&#8220;default&#8220; header_font_size=&#8220;22px&#8220; body_font_size=&#8220;16px&#8220; global_colors_info=&#8220;{}&#8220;]<\/p>\n<p>Wie die 1K- und 2K-Fl\u00fcssiglaminate und Schutzlacke richtig anzuwenden und zu verarbeiten sind, l\u00e4sst sich in den folgenden pdf-Dateien nachlesen. Dar\u00fcber hinaus haben wir in den folgenden Datei zusammengefasst, was bei der Verarbeitung von 2K-Schutzlacken auf Liquid Coatern zu beachten ist.<\/p>\n<p>[\/et_pb_blurb][et_pb_text _builder_version=&#8220;4.27.4&#8243; _module_preset=&#8220;default&#8220; max_width=&#8220;550px&#8220; module_alignment=&#8220;center&#8220; custom_margin=&#8220;||2px||false|false&#8220; link_option_url=&#8220;https:\/\/cmr-coatings.de\/wp-content\/uploads\/2026\/02\/leer.pdf&#8220; global_colors_info=&#8220;{}&#8220;]<\/p>\n<p><span style=\"text-decoration: underline;\">Verarbeitung-Fl\u00fcssiglaminate.pdf<\/span><\/p>\n<p>[\/et_pb_text][et_pb_text _builder_version=&#8220;4.27.4&#8243; _module_preset=&#8220;default&#8220; max_width=&#8220;550px&#8220; module_alignment=&#8220;center&#8220; custom_margin=&#8220;||2px||false|false&#8220; link_option_url=&#8220;https:\/\/cmr-coatings.de\/wp-content\/uploads\/2026\/02\/leer.pdf&#8220; global_colors_info=&#8220;{}&#8220;]<\/p>\n<p><span style=\"text-decoration: underline;\">Verarbeitung-Manuell-Rolle.pdf<\/span><\/p>\n<p>[\/et_pb_text][et_pb_text _builder_version=&#8220;4.27.4&#8243; _module_preset=&#8220;default&#8220; max_width=&#8220;550px&#8220; module_alignment=&#8220;center&#8220; custom_margin=&#8220;||2px||false|false&#8220; link_option_url=&#8220;https:\/\/cmr-coatings.de\/wp-content\/uploads\/2026\/02\/leer.pdf&#8220; global_colors_info=&#8220;{}&#8220;]<\/p>\n<p><span style=\"text-decoration: underline;\">Verarbeitung-Manuell-Schwamm.pdf<\/span><\/p>\n<p>[\/et_pb_text][et_pb_text _builder_version=&#8220;4.27.4&#8243; _module_preset=&#8220;default&#8220; max_width=&#8220;550px&#8220; module_alignment=&#8220;center&#8220; custom_margin=&#8220;||2px||false|false&#8220; link_option_url=&#8220;https:\/\/cmr-coatings.de\/wp-content\/uploads\/2026\/02\/leer.pdf&#8220; global_colors_info=&#8220;{}&#8220;]<\/p>\n<p><span style=\"text-decoration: underline;\">Verarbeitung-Maschinell-2K.pdf<\/span><\/p>\n<p>[\/et_pb_text][et_pb_text _builder_version=&#8220;4.27.4&#8243; _module_preset=&#8220;default&#8220; max_width=&#8220;550px&#8220; module_alignment=&#8220;center&#8220; custom_margin=&#8220;||2px||false|false&#8220; link_option_url=&#8220;https:\/\/cmr-coatings.de\/wp-content\/uploads\/2026\/02\/leer.pdf&#8220; global_colors_info=&#8220;{}&#8220;]<\/p>\n<p><span style=\"text-decoration: underline;\">2K-Konzept.pdf<\/span><\/p>\n<p>[\/et_pb_text][\/et_pb_column][et_pb_column type=&#8220;2_5&#8243; _builder_version=&#8220;4.16&#8243; custom_padding=&#8220;|||&#8220; global_colors_info=&#8220;{}&#8220; custom_padding__hover=&#8220;|||&#8220;][et_pb_image src=&#8220;https:\/\/cmr-coatings.de\/wp-content\/uploads\/2026\/01\/Verarbeitung.jpg&#8220; title_text=&#8220;Verarbeitung&#8220; _builder_version=&#8220;4.27.4&#8243; _module_preset=&#8220;default&#8220; max_width=&#8220;75%&#8220; global_colors_info=&#8220;{}&#8220;][\/et_pb_image][\/et_pb_column][\/et_pb_row][et_pb_row column_structure=&#8220;2_5,3_5&#8243; use_custom_gutter=&#8220;on&#8220; make_equal=&#8220;on&#8220; admin_label=&#8220;Services&#8220; _builder_version=&#8220;4.27.4&#8243; max_width=&#8220;80%&#8220; custom_padding=&#8220;||||false|false&#8220; animation_style=&#8220;zoom&#8220; box_shadow_style=&#8220;preset3&#8243; use_custom_width=&#8220;on&#8220; width_unit=&#8220;off&#8220; global_colors_info=&#8220;{}&#8220;][et_pb_column type=&#8220;2_5&#8243; _builder_version=&#8220;4.16&#8243; custom_padding=&#8220;|||&#8220; global_colors_info=&#8220;{}&#8220; custom_padding__hover=&#8220;|||&#8220;][et_pb_image src=&#8220;https:\/\/cmr-coatings.de\/wp-content\/uploads\/2026\/01\/Druckmuster.jpg&#8220; title_text=&#8220;Druckmuster&#8220; _builder_version=&#8220;4.27.4&#8243; _module_preset=&#8220;default&#8220; max_width=&#8220;75%&#8220; global_colors_info=&#8220;{}&#8220;][\/et_pb_image][\/et_pb_column][et_pb_column type=&#8220;3_5&#8243; _builder_version=&#8220;4.16&#8243; custom_padding=&#8220;|||&#8220; global_colors_info=&#8220;{}&#8220; custom_padding__hover=&#8220;|||&#8220;][et_pb_blurb title=&#8220;Anforderungen an Druckmuster&#8220; use_icon=&#8220;on&#8220; module_id=&#8220;druckmuster&#8220; _builder_version=&#8220;4.27.4&#8243; _module_preset=&#8220;default&#8220; header_font_size=&#8220;22px&#8220; body_font_size=&#8220;16px&#8220; global_colors_info=&#8220;{}&#8220;]<\/p>\n<p>Um sicher zu gehen, ob bzw. welches CMR-Fl\u00fcssiglaminat f\u00fcr Ihre Anwendung geeignet ist, schicken Sie uns bitte Druckmuster von Ihrem Projekt, die sich nach den Ma\u00dfst\u00e4ben der folgenden Vorgaben richten.<\/p>\n<p>[\/et_pb_blurb][et_pb_text _builder_version=&#8220;4.27.4&#8243; _module_preset=&#8220;default&#8220; max_width=&#8220;550px&#8220; module_alignment=&#8220;center&#8220; custom_margin=&#8220;||2px||false|false&#8220; link_option_url=&#8220;https:\/\/cmr-coatings.de\/wp-content\/uploads\/2026\/02\/CMR-Anforderungen-Druckmuster-V-2026-001-D.pdf&#8220; global_colors_info=&#8220;{}&#8220;]<\/p>\n<p><span style=\"text-decoration: underline;\">Anforderungen-Druckmuster.pdf<\/span><\/p>\n<p>[\/et_pb_text][et_pb_text _builder_version=&#8220;4.27.4&#8243; _module_preset=&#8220;default&#8220; max_width=&#8220;550px&#8220; module_alignment=&#8220;center&#8220; custom_margin=&#8220;||2px||false|false&#8220; link_option_url=&#8220;https:\/\/cmr-coatings.de\/wp-content\/uploads\/2026\/02\/CMR-Requirements-Printed-Samples-V-2026-001-EN.pdf&#8220; global_colors_info=&#8220;{}&#8220;]<\/p>\n<p><span style=\"text-decoration: underline;\">Requirements-printed-samples.pdf<\/span><\/p>\n<p>[\/et_pb_text][\/et_pb_column][\/et_pb_row][et_pb_row column_structure=&#8220;3_5,2_5&#8243; use_custom_gutter=&#8220;on&#8220; make_equal=&#8220;on&#8220; admin_label=&#8220;Services&#8220; _builder_version=&#8220;4.27.4&#8243; max_width=&#8220;80%&#8220; custom_padding=&#8220;||||false|false&#8220; animation_style=&#8220;zoom&#8220; box_shadow_style=&#8220;preset3&#8243; use_custom_width=&#8220;on&#8220; width_unit=&#8220;off&#8220; global_colors_info=&#8220;{}&#8220;][et_pb_column type=&#8220;3_5&#8243; _builder_version=&#8220;4.16&#8243; custom_padding=&#8220;|||&#8220; global_colors_info=&#8220;{}&#8220; custom_padding__hover=&#8220;|||&#8220;][et_pb_blurb title=&#8220;Reinigungs-Empfehlung&#8220; use_icon=&#8220;on&#8220; module_id=&#8220;reinigung&#8220; _builder_version=&#8220;4.27.4&#8243; _module_preset=&#8220;default&#8220; header_font_size=&#8220;22px&#8220; body_font_size=&#8220;16px&#8220; global_colors_info=&#8220;{}&#8220;]<\/p>\n<p>Unsere Reinigungshinweise verstehen sich als Hilfestellung zur sachgem\u00e4\u00dfen Reinigung von digital bedruckten Planen und LKW-Planen, die mit einem CMR-Schutzlack beschichtet wurden. Bei der Reinigung ist mit gr\u00f6\u00dfter Sorgfalt vorzugehen. Im Einzelfall, je nach Art der Anschmutzung, k\u00f6nnen auch von den beschriebenen abweichende Reinigungsma\u00dfnahmen erforderlich sein.<\/p>\n<p>[\/et_pb_blurb][et_pb_text _builder_version=&#8220;4.27.4&#8243; _module_preset=&#8220;default&#8220; max_width=&#8220;550px&#8220; module_alignment=&#8220;center&#8220; custom_margin=&#8220;||2px||false|false&#8220; link_option_url=&#8220;https:\/\/cmr-coatings.de\/wp-content\/uploads\/2026\/02\/leer.pdf&#8220; global_colors_info=&#8220;{}&#8220;]<\/p>\n<p><span style=\"text-decoration: underline;\">Reinigungshinweise.pdf<\/span><\/p>\n<p>[\/et_pb_text][et_pb_text _builder_version=&#8220;4.27.4&#8243; _module_preset=&#8220;default&#8220; max_width=&#8220;550px&#8220; module_alignment=&#8220;center&#8220; custom_margin=&#8220;||2px||false|false&#8220; link_option_url=&#8220;https:\/\/cmr-coatings.de\/wp-content\/uploads\/2026\/02\/leer.pdf&#8220; global_colors_info=&#8220;{}&#8220;]<\/p>\n<p><span style=\"text-decoration: underline;\">Cleaning-advices.pdf<\/span><\/p>\n<p>[\/et_pb_text][\/et_pb_column][et_pb_column type=&#8220;2_5&#8243; _builder_version=&#8220;4.16&#8243; custom_padding=&#8220;|||&#8220; global_colors_info=&#8220;{}&#8220; custom_padding__hover=&#8220;|||&#8220;][et_pb_image src=&#8220;https:\/\/cmr-coatings.de\/wp-content\/uploads\/2026\/01\/Reinigung.jpg&#8220; title_text=&#8220;Reinigung&#8220; _builder_version=&#8220;4.27.4&#8243; _module_preset=&#8220;default&#8220; max_width=&#8220;75%&#8220; global_colors_info=&#8220;{}&#8220;][\/et_pb_image][\/et_pb_column][\/et_pb_row][\/et_pb_section]<\/p>\n","protected":false},"excerpt":{"rendered":"<p>Service Nicht ein Produkt f\u00fcr alles,&#8230; aber f\u00fcr alle Anwendungen das richtige Produkt. ServiceWeil die Fl\u00fcssiglaminate und Schutzlacke von CMR mehr als nur reine Fl\u00fcssigkeiten, sondern hochtechnische Produkte sind, bietet unser Service-Bereich allen Kunde alle Unterst\u00fctzung und Informationen, die notwendig sind.An dieser Stelle k\u00f6nnen Sie die Leistungsbeschreibungen der wichtigsten CMR-Produkte als pdf-Datei herunterladen: (Deutsche und [&hellip;]<\/p>\n","protected":false},"author":1,"featured_media":0,"parent":0,"menu_order":0,"comment_status":"closed","ping_status":"closed","template":"","meta":{"_et_pb_use_builder":"on","_et_pb_old_content":"","_et_gb_content_width":"","footnotes":""},"class_list":["post-1346","page","type-page","status-publish","hentry"],"_links":{"self":[{"href":"http:\/\/cmr-coatings.de\/en\/wp-json\/wp\/v2\/pages\/1346","targetHints":{"allow":["GET"]}}],"collection":[{"href":"http:\/\/cmr-coatings.de\/en\/wp-json\/wp\/v2\/pages"}],"about":[{"href":"http:\/\/cmr-coatings.de\/en\/wp-json\/wp\/v2\/types\/page"}],"author":[{"embeddable":true,"href":"http:\/\/cmr-coatings.de\/en\/wp-json\/wp\/v2\/users\/1"}],"replies":[{"embeddable":true,"href":"http:\/\/cmr-coatings.de\/en\/wp-json\/wp\/v2\/comments?post=1346"}],"version-history":[{"count":80,"href":"http:\/\/cmr-coatings.de\/en\/wp-json\/wp\/v2\/pages\/1346\/revisions"}],"predecessor-version":[{"id":2369,"href":"http:\/\/cmr-coatings.de\/en\/wp-json\/wp\/v2\/pages\/1346\/revisions\/2369"}],"wp:attachment":[{"href":"http:\/\/cmr-coatings.de\/en\/wp-json\/wp\/v2\/media?parent=1346"}],"curies":[{"name":"wp","href":"https:\/\/api.w.org\/{rel}","templated":true}]}}