{"id":1414,"date":"2025-12-16T16:38:39","date_gmt":"2025-12-16T15:38:39","guid":{"rendered":"https:\/\/coatings.hit-wp.de\/coatings\/?page_id=1414"},"modified":"2026-02-11T09:30:11","modified_gmt":"2026-02-11T08:30:11","slug":"ueber-uns","status":"publish","type":"page","link":"http:\/\/cmr-coatings.de\/en\/ueber-uns\/","title":{"rendered":"Our Claim"},"content":{"rendered":"<p>[et_pb_section fb_built=&#8220;1&#8243; admin_label=&#8220;Intro Section&#8220; _builder_version=&#8220;4.27.4&#8243; background_enable_color=&#8220;off&#8220; background_image=&#8220;https:\/\/cmr-coatings.de\/wp-content\/uploads\/2025\/12\/waterdrop-4753866_1920.jpg&#8220; custom_margin=&#8220;||78px|&#8220; custom_margin_tablet=&#8220;||0px|&#8220; custom_margin_phone=&#8220;&#8220; custom_margin_last_edited=&#8220;on|phone&#8220; custom_padding=&#8220;3%||3%||true|false&#8220; collapsed=&#8220;off&#8220; global_colors_info=&#8220;{}&#8220;][et_pb_row _builder_version=&#8220;4.27.4&#8243; custom_margin=&#8220;||||true|false&#8220; custom_padding=&#8220;|0px||0px|false|false&#8220; global_colors_info=&#8220;{}&#8220;][et_pb_column type=&#8220;4_4&#8243; _builder_version=&#8220;4.16&#8243; custom_padding=&#8220;|||&#8220; global_colors_info=&#8220;{}&#8220; custom_padding__hover=&#8220;|||&#8220;][et_pb_text _builder_version=&#8220;4.27.4&#8243; _module_preset=&#8220;default&#8220; header_font=&#8220;|600|on||||||&#8220; header_text_align=&#8220;center&#8220; header_text_color=&#8220;#FFFFFF&#8220; header_font_size=&#8220;36px&#8220; header_letter_spacing=&#8220;3px&#8220; custom_margin=&#8220;||50px||false|false&#8220; custom_margin_tablet=&#8220;||50px||false|false&#8220; custom_margin_phone=&#8220;||0px||false|false&#8220; custom_margin_last_edited=&#8220;on|phone&#8220; header_font_size_tablet=&#8220;36px&#8220; header_font_size_phone=&#8220;24px&#8220; header_font_size_last_edited=&#8220;on|phone&#8220; global_colors_info=&#8220;{}&#8220;]<\/p>\n<h1>\u00dcber uns<\/h1>\n<p>[\/et_pb_text][\/et_pb_column][\/et_pb_row][et_pb_row _builder_version=&#8220;4.27.4&#8243; width=&#8220;80%&#8220; custom_margin=&#8220;||||true|true&#8220; custom_padding=&#8220;|0px||0px|false|false&#8220; global_colors_info=&#8220;{}&#8220;][et_pb_column type=&#8220;4_4&#8243; _builder_version=&#8220;4.27.4&#8243; background_color=&#8220;rgba(255,255,255,0.82)&#8220; custom_padding=&#8220;25px|25px|25px|25px|true|true&#8220; global_colors_info=&#8220;{}&#8220; custom_padding__hover=&#8220;|||&#8220;][et_pb_text _builder_version=&#8220;4.27.4&#8243; _module_preset=&#8220;default&#8220; header_3_font=&#8220;||on||||||&#8220; header_3_text_color=&#8220;#000000&#8243; header_3_font_size=&#8220;28px&#8220; text_orientation=&#8220;center&#8220; custom_margin=&#8220;0px||0px||true|false&#8220; header_3_font_size_tablet=&#8220;28px&#8220; header_3_font_size_phone=&#8220;20px&#8220; header_3_font_size_last_edited=&#8220;on|phone&#8220; global_colors_info=&#8220;{}&#8220;]<\/p>\n<h3>Fl\u00fcssiglaminate von CMR,<\/h3>\n<p>[\/et_pb_text][et_pb_text _builder_version=&#8220;4.27.4&#8243; _module_preset=&#8220;default&#8220; header_3_font=&#8220;||on||||||&#8220; header_3_text_color=&#8220;#000000&#8243; header_3_font_size=&#8220;20px&#8220; text_orientation=&#8220;center&#8220; custom_margin=&#8220;||||false|false&#8220; global_colors_info=&#8220;{}&#8220;]<\/p>\n<h4>&#8230; wir bieten Schutz und Best\u00e4ndigkeiten.<\/h4>\n<p>[\/et_pb_text][\/et_pb_column][\/et_pb_row][\/et_pb_section][et_pb_section fb_built=&#8220;1&#8243; admin_label=&#8220;Skill Section&#8220; _builder_version=&#8220;4.27.4&#8243; custom_padding=&#8220;50px||50px||false|false&#8220; collapsed=&#8220;off&#8220; global_colors_info=&#8220;{}&#8220;][et_pb_row use_custom_gutter=&#8220;on&#8220; make_equal=&#8220;on&#8220; admin_label=&#8220;Services&#8220; _builder_version=&#8220;4.27.4&#8243; max_width=&#8220;80%&#8220; custom_padding=&#8220;25px||25px|&#8220; use_custom_width=&#8220;on&#8220; width_unit=&#8220;off&#8220; global_colors_info=&#8220;{}&#8220;][et_pb_column type=&#8220;4_4&#8243; _builder_version=&#8220;4.16&#8243; custom_padding=&#8220;|||&#8220; global_colors_info=&#8220;{}&#8220; custom_padding__hover=&#8220;|||&#8220;][et_pb_heading title=&#8220;Unser Anspruch&#8220; _builder_version=&#8220;4.27.4&#8243; _module_preset=&#8220;default&#8220; width=&#8220;963px&#8220; hover_enabled=&#8220;0&#8243; global_colors_info=&#8220;{}&#8220; sticky_enabled=&#8220;0&#8243;][\/et_pb_heading][et_pb_image src=&#8220;https:\/\/cmr-coatings.de\/wp-content\/uploads\/2026\/01\/CMR-Beetle.jpg&#8220; title_text=&#8220;CMR-Beetle&#8220; _builder_version=&#8220;4.27.4&#8243; _module_preset=&#8220;default&#8220; width=&#8220;20%&#8220; max_width=&#8220;20%&#8220; global_colors_info=&#8220;{}&#8220;][\/et_pb_image][et_pb_blurb title=&#8220;Nicht ein Produkt f\u00fcr alles, aber f\u00fcr alle Anwendungen das richtige Produkt.&#8220; icon_alignment=&#8220;left&#8220; content_max_width=&#8220;963px&#8220; _builder_version=&#8220;4.27.4&#8243; _module_preset=&#8220;default&#8220; header_font_size=&#8220;22px&#8220; body_font_size=&#8220;16px&#8220; global_colors_info=&#8220;{}&#8220;]<\/p>\n<p>CMR Coatings entwickelt und vertreibt transparente Schutzlacke, Fl\u00fcssiglaminate und Grundierungen mit anspruchsvollen Funktionalit\u00e4ten. Dazu z\u00e4hlen vor allem Kratz- und Abriebfestigkeit, Flexibilit\u00e4t, Chemikalienbest\u00e4ndigkeit, Easy-to-Clean, UV-Schutz etc.<\/p>\n<p>Im Sinne nachhaltiger und zukunftstr\u00e4chtiger Technologien werden vorrangig wasserbasierende Rohstoffe verarbeitet, die den aktuellen VOC-Richtlinien entsprechen. Au\u00dferdem stehen bei all unseren Aktivit\u00e4ten die nach heutigen Ma\u00dfst\u00e4ben praktikablen und wirtschaftlichen L\u00f6sungen im Vordergrund.<\/p>\n<p>Ein enges Netz aus Partnern f\u00fcr Entwicklung, Produktion, Anwendungs- und Verarbeitungstechnik sowie Vertrieb erm\u00f6glicht die effektive B\u00fcndelung der verschiedensten Ressourcen. Somit wird die Flexibilit\u00e4t eines mittelst\u00e4ndischen Unternehmens optimal mit den Kapazit\u00e4ten eines Gro\u00dfunternehmens kombiniert.<\/p>\n<p>Gemeinsam mit seinen Partnern verfolgt CMR Coatings das Ziel, ein kundenorientiertes Gesamtpaket rund um das Thema \u201eInnovative Oberfl\u00e4chen\u201c zuverl\u00e4ssig und hohen Qualit\u00e4tsanspr\u00fcchen gen\u00fcgend bereitzustellen. Dank seiner Flexibilit\u00e4t ist CMR Coatings in der Lage, die Produkt- und Produktionsvorgaben der Kunden individuell zu ber\u00fccksichtigen und somit ma\u00dfgeschneiderte Lacksysteme zu entwickeln.<\/p>\n<p>Ideen in zeitgem\u00e4\u00dfe und praktikable L\u00f6sungen zu verwandeln, um seinen Kunden hochentwickelte Beschichtungen anbieten zu k\u00f6nnen, war, ist und bleibt die Motivation von CMR Coatings.<\/p>\n<p>[\/et_pb_blurb][\/et_pb_column][\/et_pb_row][\/et_pb_section]<\/p>\n","protected":false},"excerpt":{"rendered":"<p>\u00dcber unsFl\u00fcssiglaminate von CMR,&#8230; wir bieten Schutz und Best\u00e4ndigkeiten.CMR Coatings entwickelt und vertreibt transparente Schutzlacke, Fl\u00fcssiglaminate und Grundierungen mit anspruchsvollen Funktionalit\u00e4ten. Dazu z\u00e4hlen vor allem Kratz- und Abriebfestigkeit, Flexibilit\u00e4t, Chemikalienbest\u00e4ndigkeit, Easy-to-Clean, UV-Schutz etc. Im Sinne nachhaltiger und zukunftstr\u00e4chtiger Technologien werden vorrangig wasserbasierende Rohstoffe verarbeitet, die den aktuellen VOC-Richtlinien entsprechen. Au\u00dferdem stehen bei all unseren Aktivit\u00e4ten [&hellip;]<\/p>\n","protected":false},"author":1,"featured_media":0,"parent":0,"menu_order":0,"comment_status":"closed","ping_status":"closed","template":"","meta":{"_et_pb_use_builder":"on","_et_pb_old_content":"","_et_gb_content_width":"","footnotes":""},"class_list":["post-1414","page","type-page","status-publish","hentry"],"_links":{"self":[{"href":"http:\/\/cmr-coatings.de\/en\/wp-json\/wp\/v2\/pages\/1414","targetHints":{"allow":["GET"]}}],"collection":[{"href":"http:\/\/cmr-coatings.de\/en\/wp-json\/wp\/v2\/pages"}],"about":[{"href":"http:\/\/cmr-coatings.de\/en\/wp-json\/wp\/v2\/types\/page"}],"author":[{"embeddable":true,"href":"http:\/\/cmr-coatings.de\/en\/wp-json\/wp\/v2\/users\/1"}],"replies":[{"embeddable":true,"href":"http:\/\/cmr-coatings.de\/en\/wp-json\/wp\/v2\/comments?post=1414"}],"version-history":[{"count":24,"href":"http:\/\/cmr-coatings.de\/en\/wp-json\/wp\/v2\/pages\/1414\/revisions"}],"predecessor-version":[{"id":2135,"href":"http:\/\/cmr-coatings.de\/en\/wp-json\/wp\/v2\/pages\/1414\/revisions\/2135"}],"wp:attachment":[{"href":"http:\/\/cmr-coatings.de\/en\/wp-json\/wp\/v2\/media?parent=1414"}],"curies":[{"name":"wp","href":"https:\/\/api.w.org\/{rel}","templated":true}]}}