{"id":1616,"date":"2025-12-28T07:43:08","date_gmt":"2025-12-28T06:43:08","guid":{"rendered":"https:\/\/coatings.hit-wp.de\/coatings\/?page_id=1616"},"modified":"2026-02-11T08:32:20","modified_gmt":"2026-02-11T07:32:20","slug":"historie","status":"publish","type":"page","link":"http:\/\/cmr-coatings.de\/en\/historie\/","title":{"rendered":"History"},"content":{"rendered":"<p>[et_pb_section fb_built=&#8220;1&#8243; admin_label=&#8220;Intro Section&#8220; _builder_version=&#8220;4.27.4&#8243; background_enable_color=&#8220;off&#8220; background_image=&#8220;https:\/\/cmr-coatings.de\/wp-content\/uploads\/2025\/12\/waterdrop-4753866_1920.jpg&#8220; custom_margin=&#8220;||78px|&#8220; custom_margin_tablet=&#8220;||0px|&#8220; custom_margin_phone=&#8220;&#8220; custom_margin_last_edited=&#8220;on|phone&#8220; custom_padding=&#8220;3%||3%||true|false&#8220; hover_enabled=&#8220;0&#8243; collapsed=&#8220;off&#8220; global_colors_info=&#8220;{}&#8220; title_text=&#8220;waterdrop-4753866_1920&#8243; sticky_enabled=&#8220;0&#8243;][et_pb_row _builder_version=&#8220;4.27.4&#8243; custom_margin=&#8220;||||true|false&#8220; custom_padding=&#8220;|0px||0px|false|false&#8220; global_colors_info=&#8220;{}&#8220;][et_pb_column type=&#8220;4_4&#8243; _builder_version=&#8220;4.16&#8243; custom_padding=&#8220;|||&#8220; global_colors_info=&#8220;{}&#8220; custom_padding__hover=&#8220;|||&#8220;][et_pb_text _builder_version=&#8220;4.27.4&#8243; _module_preset=&#8220;default&#8220; header_font=&#8220;|600|on||||||&#8220; header_text_align=&#8220;center&#8220; header_text_color=&#8220;#FFFFFF&#8220; header_font_size=&#8220;36px&#8220; header_letter_spacing=&#8220;3px&#8220; custom_margin=&#8220;||50px||false|false&#8220; custom_margin_tablet=&#8220;||50px||false|false&#8220; custom_margin_phone=&#8220;||0px||false|false&#8220; custom_margin_last_edited=&#8220;on|phone&#8220; header_font_size_tablet=&#8220;36px&#8220; header_font_size_phone=&#8220;24px&#8220; header_font_size_last_edited=&#8220;on|phone&#8220; global_colors_info=&#8220;{}&#8220;]<\/p>\n<h1>Historie<\/h1>\n<p>[\/et_pb_text][\/et_pb_column][\/et_pb_row][et_pb_row _builder_version=&#8220;4.27.4&#8243; width=&#8220;80%&#8220; custom_margin=&#8220;||||true|true&#8220; custom_padding=&#8220;|0px||0px|false|false&#8220; global_colors_info=&#8220;{}&#8220;][et_pb_column type=&#8220;4_4&#8243; _builder_version=&#8220;4.27.4&#8243; background_color=&#8220;rgba(255,255,255,0.82)&#8220; custom_padding=&#8220;25px|25px|25px|25px|true|true&#8220; global_colors_info=&#8220;{}&#8220; custom_padding__hover=&#8220;|||&#8220;][et_pb_text _builder_version=&#8220;4.27.4&#8243; _module_preset=&#8220;default&#8220; header_3_font=&#8220;||on||||||&#8220; header_3_text_color=&#8220;#000000&#8243; header_3_font_size=&#8220;28px&#8220; text_orientation=&#8220;center&#8220; custom_margin=&#8220;0px||0px||true|false&#8220; header_3_font_size_tablet=&#8220;28px&#8220; header_3_font_size_phone=&#8220;20px&#8220; header_3_font_size_last_edited=&#8220;on|phone&#8220; global_colors_info=&#8220;{}&#8220;]<\/p>\n<h3>Fl\u00fcssiglaminate von CMR,<\/h3>\n<p>[\/et_pb_text][et_pb_text _builder_version=&#8220;4.27.4&#8243; _module_preset=&#8220;default&#8220; header_3_font=&#8220;||on||||||&#8220; header_3_text_color=&#8220;#000000&#8243; header_3_font_size=&#8220;20px&#8220; text_orientation=&#8220;center&#8220; custom_margin=&#8220;||||false|false&#8220; global_colors_info=&#8220;{}&#8220;]<\/p>\n<h4>&#8230; wir bieten Schutz und Best\u00e4ndigkeiten.<\/h4>\n<p>[\/et_pb_text][\/et_pb_column][\/et_pb_row][\/et_pb_section][et_pb_section fb_built=&#8220;1&#8243; admin_label=&#8220;Skill Section&#8220; _builder_version=&#8220;4.27.4&#8243; custom_padding=&#8220;50px||50px||false|false&#8220; collapsed=&#8220;off&#8220; global_colors_info=&#8220;{}&#8220;][et_pb_row _builder_version=&#8220;4.27.4&#8243; _module_preset=&#8220;default&#8220; global_colors_info=&#8220;{}&#8220;][et_pb_column type=&#8220;4_4&#8243; _builder_version=&#8220;4.27.4&#8243; _module_preset=&#8220;default&#8220; global_colors_info=&#8220;{}&#8220;][et_pb_heading title=&#8220;Historie&#8220; module_id=&#8220;historie&#8220; _builder_version=&#8220;4.27.4&#8243; _module_preset=&#8220;default&#8220; width=&#8220;963px&#8220; global_colors_info=&#8220;{}&#8220;][\/et_pb_heading][\/et_pb_column][\/et_pb_row][et_pb_row column_structure=&#8220;1_3,1_3,1_3&#8243; use_custom_gutter=&#8220;on&#8220; gutter_width=&#8220;3&#8243; _builder_version=&#8220;4.27.4&#8243; _module_preset=&#8220;default&#8220; global_colors_info=&#8220;{}&#8220;][et_pb_column type=&#8220;1_3&#8243; _builder_version=&#8220;4.27.4&#8243; _module_preset=&#8220;default&#8220; global_colors_info=&#8220;{}&#8220;][et_pb_image src=&#8220;https:\/\/cmr-coatings.de\/wp-content\/uploads\/2026\/01\/CMR-Labor-2004-e1768313966829.jpg&#8220; title_text=&#8220;CMR-Labor-2004&#8243; align=&#8220;right&#8220; _builder_version=&#8220;4.27.4&#8243; _module_preset=&#8220;default&#8220; hover_enabled=&#8220;0&#8243; global_colors_info=&#8220;{}&#8220; sticky_enabled=&#8220;0&#8243;][\/et_pb_image][\/et_pb_column][et_pb_column type=&#8220;1_3&#8243; _builder_version=&#8220;4.27.4&#8243; _module_preset=&#8220;default&#8220; global_colors_info=&#8220;{}&#8220;][et_pb_image src=&#8220;https:\/\/cmr-coatings.de\/wp-content\/uploads\/2026\/01\/Wedel-e1768313605602.jpg&#8220; title_text=&#8220;Wedel&#8220; align=&#8220;center&#8220; _builder_version=&#8220;4.27.4&#8243; _module_preset=&#8220;default&#8220; hover_enabled=&#8220;0&#8243; global_colors_info=&#8220;{}&#8220; sticky_enabled=&#8220;0&#8243;][\/et_pb_image][\/et_pb_column][et_pb_column type=&#8220;1_3&#8243; _builder_version=&#8220;4.27.4&#8243; _module_preset=&#8220;default&#8220; global_colors_info=&#8220;{}&#8220;][et_pb_image src=&#8220;https:\/\/cmr-coatings.de\/wp-content\/uploads\/2026\/01\/CMR-Vlotho.jpg&#8220; title_text=&#8220;CMR-Vlotho&#8220; _builder_version=&#8220;4.27.4&#8243; _module_preset=&#8220;default&#8220; hover_enabled=&#8220;0&#8243; global_colors_info=&#8220;{}&#8220; sticky_enabled=&#8220;0&#8243;][\/et_pb_image][\/et_pb_column][\/et_pb_row][et_pb_row use_custom_gutter=&#8220;on&#8220; make_equal=&#8220;on&#8220; admin_label=&#8220;Services&#8220; _builder_version=&#8220;4.27.4&#8243; max_width=&#8220;80%&#8220; custom_padding=&#8220;25px||25px|&#8220; use_custom_width=&#8220;on&#8220; width_unit=&#8220;off&#8220; global_colors_info=&#8220;{}&#8220;][et_pb_column type=&#8220;4_4&#8243; _builder_version=&#8220;4.16&#8243; custom_padding=&#8220;|||&#8220; global_colors_info=&#8220;{}&#8220; custom_padding__hover=&#8220;|||&#8220;][et_pb_blurb title=&#8220;Eckdaten zur Unternehmensgeschichte:&#8220; icon_alignment=&#8220;left&#8220; content_max_width=&#8220;963px&#8220; _builder_version=&#8220;4.27.4&#8243; _module_preset=&#8220;default&#8220; header_text_align=&#8220;center&#8220; header_font_size=&#8220;22px&#8220; body_font_size=&#8220;16px&#8220; custom_padding=&#8220;||||false|false&#8220; global_colors_info=&#8220;{}&#8220;]<\/p>\n<p>&nbsp;<\/p>\n<table style=\"height: 8px; width: 100%; border-collapse: collapse; border-style: hidden; border-color: ffffff;\" height=\"8\" cellspacing=\"5\" cellpadding=\"5\">\n<tbody>\n<tr>\n<td style=\"width: 554.5px; text-align: right;\">01.10.2004<\/td>\n<td style=\"width: 554.5px;\">Gr\u00fcndung CMR Coatings GbR mit Sitz in Rinteln, Niedersachsen<\/td>\n<\/tr>\n<tr>\n<td style=\"width: 554.5px; text-align: right;\">01.01.2006<\/td>\n<td style=\"width: 554.5px;\">Umwandlung in CMR Coatings, Inh. Mathias Sielaff<\/td>\n<\/tr>\n<tr>\n<td style=\"width: 554.5px; text-align: right;\">20.10.2007<\/td>\n<td style=\"width: 554.5px;\">Teilnahme als Aussteller an der Eurosurfas International 2007 in Barcelona<\/td>\n<\/tr>\n<tr>\n<td style=\"width: 554.5px; text-align: right;\">21.11.2007<\/td>\n<td style=\"width: 554.5px;\">Teilnahme als Aussteller an der NanoSolutions 2007 in Frankfurt\/Main<\/td>\n<\/tr>\n<tr>\n<td style=\"width: 554.5px; text-align: right;\">27.04.2008<\/td>\n<td style=\"width: 554.5px;\">1. Platz des Innovationspreises 2007 des Landkreises Schaumburg<\/td>\n<\/tr>\n<tr>\n<td style=\"width: 554.5px; text-align: right;\">01.03.2009<\/td>\n<td style=\"width: 554.5px;\">Umwandlung in CMR Coatings, Inh. Mathias Sielaff e. K.<\/td>\n<\/tr>\n<tr>\n<td style=\"width: 554.5px; text-align: right;\">01.01.2011<\/td>\n<td style=\"width: 554.5px;\">Gr\u00fcndung der CMR Coatings GmbH<\/td>\n<\/tr>\n<tr>\n<td style=\"width: 554.5px; text-align: right;\">20.02.2012<\/td>\n<td style=\"width: 554.5px;\">Erweiterung um die Betriebsst\u00e4tte zur Folienbeschichtung in Wedel\/Schleswig-Holstein<\/td>\n<\/tr>\n<tr>\n<td style=\"width: 554.5px; text-align: right;\">15.07.2012<\/td>\n<td style=\"width: 554.5px;\">Verlegung des Firmensitzes von Rinteln nach Vlotho\/NRW<\/td>\n<\/tr>\n<tr>\n<td style=\"width: 554.5px; text-align: right;\">31.12.2015<\/td>\n<td style=\"width: 554.5px;\">Verkauf der Betriebsst\u00e4tte zur Folienbeschichtung in Wedel\/Schleswig-<br \/>Holstein<\/td>\n<\/tr>\n<tr>\n<td style=\"width: 554.5px; text-align: right;\">seit 2016<\/td>\n<td style=\"width: 554.5px;\">Schwerpunkt im Marktsegment digital-bedruckter LKW-Planen<\/td>\n<\/tr>\n<tr>\n<td style=\"width: 554.5px; text-align: right;\">01.01.2026<\/td>\n<td style=\"width: 554.5px;\">Neugestaltung des Firmen-Logos und Anpassung der CMR-Homepage<\/td>\n<\/tr>\n<\/tbody>\n<\/table>\n<p>[\/et_pb_blurb][\/et_pb_column][\/et_pb_row][\/et_pb_section]<\/p>\n","protected":false},"excerpt":{"rendered":"<p>HistorieFl\u00fcssiglaminate von CMR,&#8230; wir bieten Schutz und Best\u00e4ndigkeiten.&nbsp; 01.10.2004 Gr\u00fcndung CMR Coatings GbR mit Sitz in Rinteln, Niedersachsen 01.01.2006 Umwandlung in CMR Coatings, Inh. Mathias Sielaff 20.10.2007 Teilnahme als Aussteller an der Eurosurfas International 2007 in Barcelona 21.11.2007 Teilnahme als Aussteller an der NanoSolutions 2007 in Frankfurt\/Main 27.04.2008 1. Platz des Innovationspreises 2007 des Landkreises [&hellip;]<\/p>\n","protected":false},"author":1,"featured_media":0,"parent":0,"menu_order":0,"comment_status":"closed","ping_status":"closed","template":"","meta":{"_et_pb_use_builder":"on","_et_pb_old_content":"","_et_gb_content_width":"","footnotes":""},"class_list":["post-1616","page","type-page","status-publish","hentry"],"_links":{"self":[{"href":"http:\/\/cmr-coatings.de\/en\/wp-json\/wp\/v2\/pages\/1616","targetHints":{"allow":["GET"]}}],"collection":[{"href":"http:\/\/cmr-coatings.de\/en\/wp-json\/wp\/v2\/pages"}],"about":[{"href":"http:\/\/cmr-coatings.de\/en\/wp-json\/wp\/v2\/types\/page"}],"author":[{"embeddable":true,"href":"http:\/\/cmr-coatings.de\/en\/wp-json\/wp\/v2\/users\/1"}],"replies":[{"embeddable":true,"href":"http:\/\/cmr-coatings.de\/en\/wp-json\/wp\/v2\/comments?post=1616"}],"version-history":[{"count":25,"href":"http:\/\/cmr-coatings.de\/en\/wp-json\/wp\/v2\/pages\/1616\/revisions"}],"predecessor-version":[{"id":2125,"href":"http:\/\/cmr-coatings.de\/en\/wp-json\/wp\/v2\/pages\/1616\/revisions\/2125"}],"wp:attachment":[{"href":"http:\/\/cmr-coatings.de\/en\/wp-json\/wp\/v2\/media?parent=1616"}],"curies":[{"name":"wp","href":"https:\/\/api.w.org\/{rel}","templated":true}]}}